{"id":3911,"date":"2024-01-19T10:17:46","date_gmt":"2024-01-19T10:17:46","guid":{"rendered":"https:\/\/easydocspain.com\/cursos-intensivos-semi-intensivos\/"},"modified":"2024-07-31T09:38:13","modified_gmt":"2024-07-31T09:38:13","slug":"cursos-intensivos-semi-intensivos","status":"publish","type":"page","link":"https:\/\/easydocspain.com\/it\/cursos-intensivos-semi-intensivos\/","title":{"rendered":"Corsi intensivi e semi-intensivi"},"content":{"rendered":"<section class=\"wpb-content-wrapper\"><p>[vc_row bg_type=&#8221;image&#8221; parallax_style=&#8221;vcpb-default&#8221; bg_image_new=&#8221;id^3179|url^https:\/\/easydocspain.com\/wp-content\/uploads\/2024\/01\/feliz-joven-estudiante-sosteniendo-cuadernos-cursos-sonriendo-camara-pie-primavera-c-1-scaled.jpg|caption^Happy young female student holding notebooks from courses and smiling at camera, standing in spring clothes against blue background.|alt^null|title^Happy young female student holding notebooks from courses and smiling at camera, standing in spring clothes against blue background|description^null&#8221; bg_override=&#8221;browser_size&#8221; enable_overlay=&#8221;enable_overlay_value&#8221; overlay_color=&#8221;rgba(0,0,0,0.6)&#8221; seperator_enable=&#8221;seperator_enable_value&#8221; seperator_type=&#8221;tilt_left_seperator&#8221; seperator_position=&#8221;bottom_seperator&#8221; seperator_svg_height=&#8221;150&#8243; seperator_shape_background=&#8221;#ffffff&#8221; css=&#8221;.vc_custom_1705672613913{padding-top: 50px !important;}&#8221;][vc_column width=&#8221;1\/4&#8243;][vc_empty_space height=&#8221;260px&#8221;][\/vc_column][vc_column width=&#8221;3\/4&#8243;]<div class=\"ult-animation  ult-animate-viewport  ult-no-mobile \" data-animate=\"fadeInUp\" data-animation-delay=\"0.3\" data-animation-duration=\"1\" data-animation-iteration=\"1\" style=\"opacity:0;\" data-opacity_start_effect=\"\">[vc_custom_heading text=&#8221;Corsi intensivi e semi-intensivi&#8221; font_container=&#8221;tag:h1|text_align:left|color:%23fcfcfc|line_height:1.25em&#8221; use_theme_fonts=&#8221;yes&#8221;][vc_custom_heading text=&#8221;&#8221; font_container=&#8221;tag:h5|text_align:left|color:rgba(226%2C226%2C226%2C0.65)&#8221; use_theme_fonts=&#8221;yes&#8221;]<\/div>[vc_empty_space height=&#8221;90px&#8221;][vc_row_inner][vc_column_inner width=&#8221;1\/3&#8243;]<div class=\"ult-animation  ult-animate-viewport  ult-no-mobile \" data-animate=\"fadeInUp\" data-animation-delay=\"0\" data-animation-duration=\"1\" data-animation-iteration=\"1\" style=\"opacity:0;\" data-opacity_start_effect=\"80\"><div class=\"aio-icon-component    style_1\"><div id=\"Info-box-wrap-9085\" class=\"aio-icon-box left-icon\" style=\"\"  ><div class=\"aio-icon-left\"><div class=\"ult-just-icon-wrapper  \"><div class=\"align-icon\" style=\"text-align:center;\">\n<div class=\"aio-icon none \" data-animation=\"fadeInDown\" data-animation-delay=\"03\" style=\"color:__USE_THEME_MAIN_COLOR__;font-size:45px;display:inline-block;\">\n\t<i class=\"Defaults-at\"><\/i>\n<\/div><\/div><\/div><\/div><div class=\"aio-ibd-block\"><div class=\"aio-icon-description ult-responsive\"  data-ultimate-target='#Info-box-wrap-9085 .aio-icon-description'  data-responsive-json-new='{\"font-size\":\"desktop:18px;\",\"line-height\":\"desktop:22px;\"}'  style=\"font-weight:600;color:__USE_THEME_MAIN_COLOR__;\"><strong><span style=\"color: #e0dede;\"><a style=\"color: #e0dede;\" href=\"mailto:info@easydocspain.com\">info@easydocspain.com<\/a><\/span><\/strong><\/div> <!-- description --><\/div> <!-- aio-ibd-block --><\/div> <!-- aio-icon-box --><\/div> <!-- aio-icon-component --><\/div>[\/vc_column_inner][vc_column_inner width=&#8221;1\/3&#8243; css=&#8221;.vc_custom_1525886959910{padding-left: 40px !important;}&#8221;]<div class=\"ult-animation  ult-animate-viewport  ult-no-mobile \" data-animate=\"fadeInUp\" data-animation-delay=\"0.3\" data-animation-duration=\"1\" data-animation-iteration=\"1\" style=\"opacity:0;\" data-opacity_start_effect=\"80\"><div class=\"aio-icon-component    style_1\"><div id=\"Info-box-wrap-4434\" class=\"aio-icon-box left-icon\" style=\"\"  ><div class=\"aio-icon-left\"><div class=\"ult-just-icon-wrapper  \"><div class=\"align-icon\" style=\"text-align:center;\">\n<div class=\"aio-icon none \"  style=\"color:__USE_THEME_MAIN_COLOR__;font-size:45px;display:inline-block;\">\n\t<i class=\"Defaults-whatsapp\"><\/i>\n<\/div><\/div><\/div><\/div><div class=\"aio-ibd-block\"><div class=\"aio-icon-description ult-responsive\"  data-ultimate-target='#Info-box-wrap-4434 .aio-icon-description'  data-responsive-json-new='{\"font-size\":\"desktop:18px;\",\"line-height\":\"desktop:22px;\"}'  style=\"font-family:&#039;Lato&#039;;font-weight:normal;font-style:normal;color:#ffffff;\"><span style=\"color: #e0dede;\"><strong><a style=\"color: #e0dede;\" href=\"http:\/\/+34604820989\">+34 604820989<\/a><\/strong><\/span><\/div> <!-- description --><\/div> <!-- aio-ibd-block --><\/div> <!-- aio-icon-box --><\/div> <!-- aio-icon-component --><\/div>[\/vc_column_inner][vc_column_inner width=&#8221;1\/3&#8243;]<div class=\"ult-animation  ult-animate-viewport  ult-no-mobile \" data-animate=\"fadeInUp\" data-animation-delay=\"0.6\" data-animation-duration=\"1\" data-animation-iteration=\"1\" style=\"opacity:0;\" data-opacity_start_effect=\"80\"><div class=\"aio-icon-component    style_1\"><div id=\"Info-box-wrap-5237\" class=\"aio-icon-box left-icon\" style=\"\"  ><div class=\"aio-icon-left\"><div class=\"ult-just-icon-wrapper  \"><div class=\"align-icon\" style=\"text-align:center;\">\n<div class=\"aio-icon none \"  style=\"color:__USE_THEME_MAIN_COLOR__;font-size:45px;display:inline-block;\">\n\t<i class=\"linearicons-phone-wave\"><\/i>\n<\/div><\/div><\/div><\/div><div class=\"aio-ibd-block\"><\/div> <!-- aio-ibd-block --><\/div> <!-- aio-icon-box --><\/div> <!-- aio-icon-component --><\/div>[\/vc_column_inner][\/vc_row_inner][vc_empty_space height=&#8221;100px&#8221;][\/vc_column][\/vc_row][vc_row bg_type=&#8221;image&#8221; parallax_style=&#8221;vcpb-default&#8221; bg_image_new=&#8221;id^3615|url^https:\/\/easydocspain.com\/wp-content\/uploads\/2024\/05\/Progetto-senza-titolo-25.png|caption^null|alt^null|title^Progetto senza titolo (25)|description^null&#8221; bg_override=&#8221;full&#8221;][vc_column][vc_empty_space][vc_custom_heading text=&#8221;\u00a1Benvenuto nel mono dell&apos;apprendimento intensivo e semi-intensivo di spagnolo! Nella nostra scuola offriamo corsi pensati per immergerti completamente nella lingua e nella cultura spagnola, sia che tu voglia imparare lo spagnolo per motivi personali o professionali. Qui troverai alcuni dei benefici che i nostri corsi offrono:&#8221; font_container=&#8221;tag:p|font_size:20|text_align:center|color:%23000000&#8243; use_theme_fonts=&#8221;yes&#8221;][vc_empty_space][\/vc_column][vc_column width=&#8221;1\/6&#8243;][\/vc_column][vc_column width=&#8221;2\/3&#8243;][vc_column_text]<\/p>\n<h3><span style=\"color: #000000;\">Apprendimento accelerato:<\/span><\/h3>\n<p style=\"padding-left: 40px;\"><span style=\"color: #000000;\">I nostri corsi intensivi e semi-intensivi sono progettati per massimizzare il tempo di apprendimento. Grazie a lezioni frequenti e concentrate, potrai fare progressi significativi in un breve periodo di tempo. L&#8217;ambiente coinvolgente ti aiuter\u00e0 a migliorare rapidamente le tue capacit\u00e0 di comprensione e di linguaggio.  <\/span><\/p>\n<h3><\/h3>\n<h3><span style=\"color: #000000;\">2. Pratica costante:<\/span><\/h3>\n<p style=\"padding-left: 40px;\"><span style=\"color: #000000;\">Niente favorisce il successo nell&#8217;apprendimento delle lingue come la pratica costante. I nostri corsi ti offrono l&#8217;opportunit\u00e0 di esercitarti ogni giorno, sia in classe che attraverso i compiti e le attivit\u00e0 extracurriculari. La pratica regolare ti aiuter\u00e0 a consolidare le tue conoscenze e a sviluppare la fiducia nel parlare spagnolo.  <\/span><\/p>\n<h3><\/h3>\n<h3><span style=\"color: #000000;\">3. Flessibilit\u00e0:<\/span><\/h3>\n<p style=\"padding-left: 40px;\"><span style=\"color: #000000;\">Riconosciamo che ognuno ha esigenze diverse quando si tratta di imparare. Offriamo corsi intensivi e semi-intensivi che si adattano ai tuoi orari e alle tue esigenze. Sia che tu abbia bisogno di un corso che si adatti al tuo lavoro o ad altri impegni, sia che tu voglia dedicare pi\u00f9 tempo al tuo apprendimento, abbiamo delle opzioni flessibili per te.  <\/span><\/p>\n<h3><\/h3>\n<h3><span style=\"color: #000000;\">4. Esperienza culturale:<\/span><\/h3>\n<p style=\"padding-left: 40px;\"><span style=\"color: #000000;\">L&#8217;apprendimento di una lingua va oltre la grammatica e il vocabolario; si tratta anche di comprendere la cultura e le tradizioni di un paese. I nostri corsi non solo ti insegnano la lingua spagnola, ma ti immergono anche nella ricchezza della cultura spagnola attraverso attivit\u00e0 culturali, eventi e incontri con persone madrelingua. <\/span><\/p>\n<h3><\/h3>\n<h3><span style=\"color: #000000;\">5. Progressi duraturi:<\/span><\/h3>\n<p style=\"padding-left: 40px;\"><span style=\"color: #000000;\">Investire in un corso di spagnolo intensivo o semi-intensivo \u00e8 un investimento nel tuo futuro. Grazie alle competenze linguistiche acquisite, potrai accedere a nuove opportunit\u00e0 personali e professionali. I progressi che farai con noi ti accompagneranno per il resto della tua vita, aprendoti porte in tutto il mondo di lingua spagnola.  <\/span><\/p>\n<p>[\/vc_column_text][\/vc_column][vc_column][vc_empty_space height=&#8221;42px&#8221;][vc_custom_heading text=&#8221;Iscriviti subito!&#8221; font_container=&#8221;tag:h1|text_align:center|color:%23f9a639&#8243; use_theme_fonts=&#8221;yes&#8221;][vc_empty_space height=&#8221;25px&#8221;][vc_custom_heading text=&#8221;Non c&apos;\u00e8 momento migliore per iniziare il tuo percorso di apprendimento dello spagnolo. Se vuoi migliorare le tue conoscenze linguistiche per viaggiare, studiare o lavorare, i nostri corsi intensivi e semi-intensivi sono la soluzione perfetta. Iscriviti ora e inizia il tuo viaggio verso la padronanza dello spagnolo e un mondo di opportunit\u00e0 illimitate!  &#8221; font_container=&#8221;tag:p|font_size:20|text_align:center|color:%23000000&#8243; use_theme_fonts=&#8221;yes&#8221;][vc_empty_space][\/vc_column][\/vc_row][vc_row][vc_column width=&#8221;1\/6&#8243;][\/vc_column][vc_column width=&#8221;2\/3&#8243;][vc_empty_space][\/vc_column][vc_column width=&#8221;1\/6&#8243;][\/vc_column][\/vc_row][vc_row][vc_column width=&#8221;1\/6&#8243;][\/vc_column][vc_column width=&#8221;2\/3&#8243;][vc_empty_space height=&#8221;80px&#8221;][vc_custom_heading text=&#8221;Contattaci&#8221; use_theme_fonts=&#8221;yes&#8221;][vc_empty_space height=&#8221;60px&#8221;]\n<div class=\"wpcf7 no-js\" id=\"wpcf7-f188-o1\" lang=\"it-IT\" dir=\"ltr\" data-wpcf7-id=\"188\">\n<div class=\"screen-reader-response\"><p role=\"status\" aria-live=\"polite\" aria-atomic=\"true\"><\/p> <ul><\/ul><\/div>\n<form action=\"\/it\/wp-json\/wp\/v2\/pages\/3911#wpcf7-f188-o1\" method=\"post\" class=\"wpcf7-form init\" aria-label=\"Modulo di contatto\" novalidate=\"novalidate\" data-status=\"init\">\n<fieldset class=\"hidden-fields-container\"><input type=\"hidden\" name=\"_wpcf7\" value=\"188\" \/><input type=\"hidden\" name=\"_wpcf7_version\" value=\"6.1.5\" \/><input type=\"hidden\" name=\"_wpcf7_locale\" value=\"it_IT\" \/><input type=\"hidden\" name=\"_wpcf7_unit_tag\" value=\"wpcf7-f188-o1\" \/><input type=\"hidden\" name=\"_wpcf7_container_post\" value=\"0\" \/><input type=\"hidden\" name=\"_wpcf7_posted_data_hash\" value=\"\" \/><input type=\"hidden\" name=\"_wpcf7_recaptcha_response\" value=\"\" \/>\n<\/fieldset>\n<div class=\"hazel-multiple-fields\">\n\t<div class=\"f-name\">\n\t\t<p>Your Name <span class=\"cforms-required\">(required)<\/span>\n\t\t<\/p>\n\t\t<p><span class=\"wpcf7-form-control-wrap\" data-name=\"your-name\"><input size=\"40\" maxlength=\"400\" class=\"wpcf7-form-control wpcf7-text wpcf7-validates-as-required\" aria-required=\"true\" aria-invalid=\"false\" value=\"\" type=\"text\" name=\"your-name\" \/><\/span>\n\t\t<\/p>\n\t<\/div>\n\t<div class=\"f-email\">\n\t\t<p>Your Email <span class=\"cforms-required\">(required)<\/span>\n\t\t<\/p>\n\t\t<p><span class=\"wpcf7-form-control-wrap\" data-name=\"your-email\"><input size=\"40\" maxlength=\"400\" class=\"wpcf7-form-control wpcf7-email wpcf7-validates-as-required wpcf7-text wpcf7-validates-as-email\" aria-required=\"true\" aria-invalid=\"false\" value=\"\" type=\"email\" name=\"your-email\" \/><\/span>\n\t\t<\/p>\n\t<\/div>\n\t<div class=\"f-subject\">\n\t\t<p>Subject\n\t\t<\/p>\n\t\t<p><span class=\"wpcf7-form-control-wrap\" data-name=\"your-subject\"><input size=\"40\" maxlength=\"400\" class=\"wpcf7-form-control wpcf7-text\" aria-invalid=\"false\" value=\"\" type=\"text\" name=\"your-subject\" \/><\/span>\n\t\t<\/p>\n\t<\/div>\n\t<div class=\"f-service\">\n\t\t<p>Service Desired\n\t\t<\/p>\n\t\t<p><span class=\"wpcf7-form-control-wrap\" data-name=\"menu-781\"><select class=\"wpcf7-form-control wpcf7-select\" aria-invalid=\"false\" name=\"menu-781\"><option value=\"Corsi intensivi e semi-intensivi\">Corsi intensivi e semi-intensivi<\/option><option value=\"Corsi part-time\">Corsi part-time<\/option><option value=\"Corsi professionali e di preparazione agli esami\">Corsi professionali e di preparazione agli esami<\/option><option value=\"Corsi di spagnolo online\">Corsi di spagnolo online<\/option><option value=\"Attivit\u00e0 divertenti\">Attivit\u00e0 divertenti<\/option><\/select><\/span>\n\t\t<\/p>\n\t<\/div>\n\t<div class=\"f-message\">\n\t\t<p>Your Message\n\t\t<\/p>\n\t\t<p><span class=\"wpcf7-form-control-wrap\" data-name=\"your-message\"><textarea cols=\"40\" rows=\"10\" maxlength=\"2000\" class=\"wpcf7-form-control wpcf7-textarea\" aria-invalid=\"false\" name=\"your-message\"><\/textarea><\/span>\n\t\t<\/p>\n\t<\/div>\n\t<div class=\"bt-contact\">\n\t\t<p><a class=\"btn-contact-left\"  href=\"\"><input class=\"wpcf7-form-control wpcf7-submit has-spinner\" type=\"submit\" value=\"SEND EMAIL\" \/><\/a>\n\t\t<\/p>\n\t<\/div>\n<\/div><p style=\"display: none !important;\" class=\"akismet-fields-container\" data-prefix=\"_wpcf7_ak_\"><label>&#916;<textarea name=\"_wpcf7_ak_hp_textarea\" cols=\"45\" rows=\"8\" maxlength=\"100\"><\/textarea><\/label><input type=\"hidden\" id=\"ak_js_1\" name=\"_wpcf7_ak_js\" value=\"85\"\/><script type=\"text\/javascript\">\n\/* <![CDATA[ *\/\ndocument.getElementById( \"ak_js_1\" ).setAttribute( \"value\", ( new Date() ).getTime() );\n\/* ]]> *\/\n<\/script>\n<\/p><div class=\"wpcf7-response-output\" aria-hidden=\"true\"><\/div>\n<\/form>\n<\/div>\n[\/vc_column][vc_column width=&#8221;1\/6&#8243;][\/vc_column][\/vc_row]<\/p>\n<\/section>","protected":false},"excerpt":{"rendered":"<p>[vc_row bg_type=&#8221;image&#8221; parallax_style=&#8221;vcpb-default&#8221; bg_image_new=&#8221;id^3179|url^https:\/\/easydocspain.com\/wp-content\/uploads\/2024\/01\/feliz-joven-estudiante-sosteniendo-cuadernos-cursos-sonriendo-camara-pie-primavera-c-1-scaled.jpg|caption^Happy young female student holding notebooks from courses and smiling at camera, standing in spring clothes against blue background.|alt^null|title^Happy young female student holding notebooks from courses and smiling at camera, standing in spring clothes against blue background|description^null&#8221; bg_override=&#8221;browser_size&#8221; enable_overlay=&#8221;enable_overlay_value&#8221; overlay_color=&#8221;rgba(0,0,0,0.6)&#8221; seperator_enable=&#8221;seperator_enable_value&#8221; seperator_type=&#8221;tilt_left_seperator&#8221; seperator_position=&#8221;bottom_seperator&#8221; seperator_svg_height=&#8221;150&#8243; seperator_shape_background=&#8221;#ffffff&#8221; css=&#8221;.vc_custom_1705672613913{padding-top: 50px !important;}&#8221;][vc_column width=&#8221;1\/4&#8243;][vc_empty_space height=&#8221;260px&#8221;][\/vc_column][vc_column width=&#8221;3\/4&#8243;][vc_empty_space height=&#8221;90px&#8221;][vc_row_inner][vc_column_inner [&hellip;]<\/p>\n","protected":false},"author":1,"featured_media":0,"parent":0,"menu_order":0,"comment_status":"closed","ping_status":"closed","template":"page.php","meta":{"_coblocks_attr":"","_coblocks_dimensions":"","_coblocks_responsive_height":"","_coblocks_accordion_ie_support":"","footnotes":""},"class_list":["post-3911","page","type-page","status-publish","hentry"],"_links":{"self":[{"href":"https:\/\/easydocspain.com\/it\/wp-json\/wp\/v2\/pages\/3911","targetHints":{"allow":["GET"]}}],"collection":[{"href":"https:\/\/easydocspain.com\/it\/wp-json\/wp\/v2\/pages"}],"about":[{"href":"https:\/\/easydocspain.com\/it\/wp-json\/wp\/v2\/types\/page"}],"author":[{"embeddable":true,"href":"https:\/\/easydocspain.com\/it\/wp-json\/wp\/v2\/users\/1"}],"replies":[{"embeddable":true,"href":"https:\/\/easydocspain.com\/it\/wp-json\/wp\/v2\/comments?post=3911"}],"version-history":[{"count":3,"href":"https:\/\/easydocspain.com\/it\/wp-json\/wp\/v2\/pages\/3911\/revisions"}],"predecessor-version":[{"id":3917,"href":"https:\/\/easydocspain.com\/it\/wp-json\/wp\/v2\/pages\/3911\/revisions\/3917"}],"wp:attachment":[{"href":"https:\/\/easydocspain.com\/it\/wp-json\/wp\/v2\/media?parent=3911"}],"curies":[{"name":"wp","href":"https:\/\/api.w.org\/{rel}","templated":true}]}}