{"id":3881,"date":"2024-05-09T14:42:20","date_gmt":"2024-05-09T14:42:20","guid":{"rendered":"https:\/\/easydocspain.com\/cookies-policy\/"},"modified":"2024-07-31T08:28:56","modified_gmt":"2024-07-31T08:28:56","slug":"cookies-policy","status":"publish","type":"page","link":"https:\/\/easydocspain.com\/it\/cookies-policy\/","title":{"rendered":"Informativa sui cookie"},"content":{"rendered":"&#13;\n<h3 class=\"wp-block-heading\">\u00a0<\/h3>&#13;\n<h3><img loading=\"lazy\" decoding=\"async\" class=\"alignnone wp-image-2074\" src=\"https:\/\/easydocspain.com\/wp-content\/uploads\/2023\/08\/brandmark-design-1-300x75.png\" alt=\"\" width=\"284\" height=\"71\" srcset=\"https:\/\/easydocspain.com\/wp-content\/uploads\/2023\/08\/brandmark-design-1-300x75.png 300w, https:\/\/easydocspain.com\/wp-content\/uploads\/2023\/08\/brandmark-design-1-600x150.png 600w, https:\/\/easydocspain.com\/wp-content\/uploads\/2023\/08\/brandmark-design-1-1024x256.png 1024w, https:\/\/easydocspain.com\/wp-content\/uploads\/2023\/08\/brandmark-design-1-768x192.png 768w, https:\/\/easydocspain.com\/wp-content\/uploads\/2023\/08\/brandmark-design-1-1536x384.png 1536w, https:\/\/easydocspain.com\/wp-content\/uploads\/2023\/08\/brandmark-design-1.png 1601w\" sizes=\"auto, (max-width: 284px) 100vw, 284px\" \/><\/h3>&#13;\n<p>\u00a0<\/p>&#13;\n<h1>Informativa sui cookie<\/h1>&#13;\n<p><br\/>Fecha de entrada en vigor: 08-may-2024<br\/>\u00daltima actualizaci\u00f3n: 08-may-2024<\/p>&#13;\n<p><br\/><strong>\u00bfQu\u00e9 son las cookies?<\/strong><br\/>Esta Pol\u00edtica de Cookies explica qu\u00e9 son las cookies y c\u00f3mo las utilizamos, los tipos de cookies que utilizamos, es decir, la informaci\u00f3n que recopilamos utilizando cookies y c\u00f3mo se utiliza esa informaci\u00f3n, y c\u00f3mo gestionar la configuraci\u00f3n de las cookies.<\/p>&#13;\n<p>Las cookies son peque\u00f1os archivos de texto que se utilizan para almacenar peque\u00f1as piezas de informaci\u00f3n. Se almacenan en su dispositivo cuando el sitio web se carga en su navegador. Estas cookies nos ayudan a hacer que el sitio web funcione correctamente, a hacerlo m\u00e1s seguro, a proporcionar una mejor experiencia al usuario y a entender c\u00f3mo funciona el sitio web y analizar qu\u00e9 funciona y en qu\u00e9 aspectos necesita mejoras.<\/p>&#13;\n<p><br\/><strong>\u00bfC\u00f3mo utilizamos las cookies?<\/strong><br\/>Como la mayor\u00eda de los servicios en l\u00ednea, nuestro sitio web utiliza cookies propias y de terceros para diversos fines. Las cookies de origen son en su mayor\u00eda necesarias para que el sitio web funcione correctamente, y no recogen ning\u00fan dato personal que pueda identificarle.<\/p>&#13;\n<p>Las cookies de terceros utilizadas en nuestro sitio web son principalmente para entender c\u00f3mo funciona el sitio web, c\u00f3mo interact\u00faa con nuestro sitio web, mantener nuestros servicios seguros, proporcionar anuncios que sean relevantes para usted y, en definitiva, proporcionarle una experiencia de usuario mejorada y ayudar a acelerar sus futuras interacciones con nuestro sitio web.<\/p>&#13;\n<p><br\/>Tipos de cookies que utilizamos<\/p>&#13;\n<p>\u00a0<\/p>&#13;\n<h5>Gestisci le preferenze sui cookie<\/h5>&#13;\n<p><strong><a class=\"cky-banner-element\">Cookie Settings<\/a><\/strong><\/p>&#13;\n<div>&#13;\n<p>Puede cambiar sus preferencias de cookies en cualquier momento haciendo clic en el bot\u00f3n anterior. Esto le permitir\u00e1 volver a visitar el banner de consentimiento de cookies y cambiar sus preferencias o retirar su consentimiento de inmediato.<\/p>&#13;\n<p>Adem\u00e1s, los distintos navegadores ofrecen diferentes m\u00e9todos para bloquear y eliminar las cookies utilizadas por los sitios web. Puede cambiar la configuraci\u00f3n de su navegador para bloquear o eliminar las cookies. A continuaci\u00f3n figuran los enlaces a los documentos de apoyo sobre c\u00f3mo gestionar y eliminar las cookies de los principales navegadores web.<\/p>&#13;\n<p>Chrome:\u00a0<a href=\"https:\/\/support.google.com\/accounts\/answer\/32050\" target=\"_blank\" rel=\"noopener noreferrer\">https:\/\/support.google.com\/accounts\/answer\/32050<\/a><\/p>&#13;\n<p>Safari:\u00a0<a href=\"https:\/\/support.apple.com\/en-in\/guide\/safari\/sfri11471\/mac\" target=\"_blank\" rel=\"noopener noreferrer\">https:\/\/support.apple.com\/en-in\/guide\/safari\/sfri11471\/mac<\/a><\/p>&#13;\n<p>Firefox:\u00a0<a href=\"https:\/\/support.mozilla.org\/en-US\/kb\/clear-cookies-and-site-data-firefox?redirectslug=delete-cookies-remove-info-websites-stored&amp;redirectlocale=en-US\" target=\"_blank\" rel=\"noopener noreferrer\">https:\/\/support.mozilla.org\/en-US\/kb\/clear-cookies-and-site-data-firefox?redirectslug=delete-cookies-remove-info-websites-stored&amp;redirectlocale=en-US<\/a><\/p>&#13;\n<p>Internet Explorer:\u00a0<a href=\"https:\/\/support.microsoft.com\/en-us\/topic\/how-to-delete-cookie-files-in-internet-explorer-bca9446f-d873-78de-77ba-d42645fa52fc\" target=\"_blank\" rel=\"noopener noreferrer\">https:\/\/support.microsoft.com\/en-us\/topic\/how-to-delete-cookie-files-in-internet-explorer-bca9446f-d873-78de-77ba-d42645fa52fc<\/a><\/p>&#13;\n<p>Si utiliza cualquier otro navegador, consulte la documentaci\u00f3n oficial de su navegador.<\/p>&#13;\n<\/div>&#13;\n<p>\u00a0<\/p>&#13;\n<p class=\"cookie-policy-p\">Cookie Policy Generated By\u00a0<a href=\"https:\/\/www.cookieyes.com\/?utm_source=CP&amp;utm_medium=footer&amp;utm_campaign=UW\" target=\"_blank\" rel=\"noopener\">CookieYes &#8211; Cookie Policy Generator<\/a>.<\/p>&#13;\n","protected":false},"excerpt":{"rendered":"<p>&#13; \u00a0 &#13; &#13; \u00a0 &#13; Informativa sui cookie &#13; Fecha de entrada en vigor: 08-may-2024\u00daltima actualizaci\u00f3n: 08-may-2024 &#13; \u00bfQu\u00e9 son las cookies?Esta Pol\u00edtica de Cookies explica qu\u00e9 son las cookies y c\u00f3mo las utilizamos, los tipos de cookies que utilizamos, es decir, la informaci\u00f3n que recopilamos utilizando cookies y c\u00f3mo se utiliza esa informaci\u00f3n, [&hellip;]<\/p>\n","protected":false},"author":1,"featured_media":0,"parent":0,"menu_order":0,"comment_status":"closed","ping_status":"closed","template":"one-page-template.php","meta":{"_coblocks_attr":"","_coblocks_dimensions":"","_coblocks_responsive_height":"","_coblocks_accordion_ie_support":"","footnotes":""},"class_list":["post-3881","page","type-page","status-publish","hentry"],"_links":{"self":[{"href":"https:\/\/easydocspain.com\/it\/wp-json\/wp\/v2\/pages\/3881","targetHints":{"allow":["GET"]}}],"collection":[{"href":"https:\/\/easydocspain.com\/it\/wp-json\/wp\/v2\/pages"}],"about":[{"href":"https:\/\/easydocspain.com\/it\/wp-json\/wp\/v2\/types\/page"}],"author":[{"embeddable":true,"href":"https:\/\/easydocspain.com\/it\/wp-json\/wp\/v2\/users\/1"}],"replies":[{"embeddable":true,"href":"https:\/\/easydocspain.com\/it\/wp-json\/wp\/v2\/comments?post=3881"}],"version-history":[{"count":2,"href":"https:\/\/easydocspain.com\/it\/wp-json\/wp\/v2\/pages\/3881\/revisions"}],"predecessor-version":[{"id":3885,"href":"https:\/\/easydocspain.com\/it\/wp-json\/wp\/v2\/pages\/3881\/revisions\/3885"}],"wp:attachment":[{"href":"https:\/\/easydocspain.com\/it\/wp-json\/wp\/v2\/media?parent=3881"}],"curies":[{"name":"wp","href":"https:\/\/api.w.org\/{rel}","templated":true}]}}